{"id":8567,"date":"2023-10-24T12:36:19","date_gmt":"2023-10-24T10:36:19","guid":{"rendered":"https:\/\/bambalina.es\/premios"},"modified":"2025-10-14T11:57:00","modified_gmt":"2025-10-14T09:57:00","slug":"premios","status":"publish","type":"page","link":"https:\/\/bambalina.es\/ca\/premios","title":{"rendered":"Premis"},"content":{"rendered":"<div class=\"gb-container gb-container-cd68750b premios\">\n<div class=\"gb-container gb-container-3a493396 doscolumnas\">\n\n<h5 class=\"gb-headline gb-headline-4cfb6fd0 gb-headline-text\">\u00c8DIP REI<\/h5>\n\n\n\n<ul class=\"wp-block-list\">\n<li>Millor Espectacle de teatre, 2024 (<strong>Premis Arts Esc\u00e8niques Valencianes<\/strong>)<\/li>\n\n\n\n<li>Millor direcci\u00f3 esc\u00e8nica, Jaume Policarpo, 2024  (<strong>Premis Arts Esc\u00e8niques Valencianes<\/strong>)<\/li>\n<\/ul>\n\n\n\n<h5 class=\"gb-headline gb-headline-fb0dae81 gb-headline-text\">CUCU<\/h5>\n\n\n\n<ul class=\"wp-block-list\">\n<li>Millor Espectacle per a xiquets i xiquetes, 2022 (<strong>Premis Arts Esc\u00e8niques Valencianes<\/strong>)<\/li>\n<\/ul>\n\n\n\n<h5 class=\"gb-headline gb-headline-583bbc87 gb-headline-text\">Bambalina Teatre Practicable<\/h5>\n\n\n\n<ul class=\"wp-block-list\">\n<li>&nbsp;Premio Palma 2021 (<strong>Muestra de Teatro Espa\u00f1ol de Autores Contempor\u00e1neos-INAE<\/strong>M)<\/li>\n<\/ul>\n\n\n\n<h5 class=\"gb-headline gb-headline-c2896cd2 gb-headline-text\">La Celestina<\/h5>\n\n\n\n<ul class=\"wp-block-list\">\n<li>Millor direcci\u00f3 esc\u00e8nica, Jaume Policarpo (<strong>Premis Arts Esc\u00e8niques Valencianes, 2018<\/strong>)<\/li>\n\n\n\n<li>Millor adaptaci\u00f3\/versi\u00f3 text, Jaume Policarpo (<strong>Premis Arts Esc\u00e8niques Valencianes, 2018<\/strong>)<\/li>\n\n\n\n<li>Millor actriu, \u00c1gueda Llorca (<strong>Premis Arts Esc\u00e8niques Valencianes, 2018<\/strong>)<\/li>\n\n\n\n<li>Millor espectacle de teatre (<strong>Premis Arts Esc\u00e8niques Valencianes, 2018<\/strong>)<\/li>\n<\/ul>\n\n\n\n<h5 class=\"gb-headline gb-headline-b4a9ecab gb-headline-text\">Kiti Kraft<\/h5>\n\n\n\n<ul class=\"wp-block-list\">\n<li>Millor espectacle per a p\u00fablic infantil, juvenil i familiar. 2018. (<strong>PREMIO MAX 2018<\/strong>)<\/li>\n<\/ul>\n\n\n\n<h5 class=\"gb-headline gb-headline-eeb67ce7 gb-headline-text\">Carmen<\/h5>\n\n\n\n<ul class=\"wp-block-list\">\n<li>Drac d\u2019Or del Jurat de les Autonomies (<strong>Fira de titelles de Lleida 2010<\/strong>)<\/li>\n\n\n\n<li>Menci\u00f3 Especial Jurat Internacional..(<strong>Fira de titelles de Lleida 2010<\/strong>)<\/li>\n\n\n\n<li>Premi Associaci\u00f3 d\u2019Espectadors del Teatre del Mar Temporada 2010 (<strong>Asociaci\u00f3n de Espectadores del Teatre del Mar de Palma Mallorca<\/strong>)<\/li>\n\n\n\n<li>Premi Millor Espectacle d\u2019Adults (<strong>Mostra Titelles Vall d\u2019Albaida 2010<\/strong>)<\/li>\n<\/ul>\n\n\n\n<h5 class=\"gb-headline gb-headline-a3af951a gb-headline-text\">La Mujer Irreal<\/h5>\n\n\n\n<ul class=\"wp-block-list\">\n<li>Millor il\u00b7luminaci\u00f3(<strong>Premis Abril 2010<\/strong>)<\/li>\n<\/ul>\n\n\n\n<h5 class=\"gb-headline gb-headline-e11819d3 gb-headline-text\">\u00a1Hola, Cenerentola!<\/h5>\n\n\n\n<ul class=\"wp-block-list\">\n<li>Millor Disseny Gr\u00e0fic (<strong>Premis Abril 2009<\/strong>)<\/li>\n<\/ul>\n\n\n\n<h5 class=\"gb-headline gb-headline-8f2a761d gb-headline-text\">KRAFT<\/h5>\n\n\n\n<ul class=\"wp-block-list\">\n<li>Millor Espectacle de teatre infantil (<strong>Premis de les arts esc\u00e8niques de Teatres de la Generalitat Valenciana 2008<\/strong>)<\/li>\n\n\n\n<li>Millor Actriu de repartiment: Mercedes Tienda (<strong>Premis Abril 2008<\/strong>) <\/li>\n\n\n\n<li>Millor Empresa Productora (<strong>Premis Abril 2008<\/strong>)<\/li>\n\n\n\n<li>Millor Espectacle (<strong>International Puppet  Festival de Maribor en Eslov\u00e8nia 2007<\/strong>)<\/li>\n\n\n\n<li>Millor Aportaci\u00f3 Dramat\u00fargica (<strong>Mostra de Titelles Vall d\u2019Albaida<\/strong>)<\/li>\n\n\n\n<li>Menci\u00f3 d\u2019Honor (<strong>Torun International Puppet Festival en Pol\u00f2nia 2007<\/strong>)<\/li>\n<\/ul>\n\n\n\n<h5 class=\"gb-headline gb-headline-d6bc4934 gb-headline-text\">El Cel Dins Una Estan\u00e7a<\/h5>\n\n\n\n<ul class=\"wp-block-list\">\n<li>Millor Aportaci\u00f3 dramat\u00fargica 2006 (<strong>Mostra Titelles Vall d\u2019Albaida<\/strong>)<\/li>\n\n\n\n<li>Millor Escenografia 2006 (<strong>Premis Abril<\/strong>)<\/li>\n\n\n\n<li>Millor Actor de Repartiment -David Dur\u00e1n- (<strong>Premis Abril<\/strong>)<\/li>\n<\/ul>\n\n\n\n<h5 class=\"gb-headline gb-headline-5d86aa22 gb-headline-text\">UB\u00da<\/h5>\n\n\n\n<ul class=\"wp-block-list\">\n<li>Millor Banda Sonora 2006 (<strong>Teatres Generalitat Valenciana<\/strong>)<\/li>\n<\/ul>\n\n\n\n<h5 class=\"gb-headline gb-headline-c5c903f4 gb-headline-text\">Pasionaria<\/h5>\n\n\n\n<ul class=\"wp-block-list\">\n<li>Millor Espectacle de Teatre 2002 (<strong>T.G.V.<\/strong>)<\/li>\n\n\n\n<li>Millor Il\u00b7luminaci\u00f3 (<strong>T.G.V<\/strong>)<\/li>\n\n\n\n<li>Premi de la Cartelera Turia 2002 a la millor contribuci\u00f3 teatral<\/li>\n<\/ul>\n\n\n\n<h5 class=\"gb-headline gb-headline-c8ba3f4a gb-headline-text\">Cyrano de Bergerac<\/h5>\n\n\n\n<ul class=\"wp-block-list\">\n<li>Millor actriu de repart&nbsp;a Esperanza Gim\u00e9nez (<strong>Certamen Nacional de Teatro La Garnacha en Logro\u00f1o 1999<\/strong>)<\/li>\n<\/ul>\n\n\n\n<h5 class=\"gb-headline gb-headline-670c67b6 gb-headline-text\">Al\u00edcia<\/h5>\n\n\n\n<ul class=\"wp-block-list\">\n<li>Millor Escenografia&nbsp;1997 (<strong>T.G.V<\/strong>.)<\/li>\n\n\n\n<li>Premi de la cr\u00edtica a la Millor Direcci\u00f31997<\/li>\n<\/ul>\n\n\n\n<h5 class=\"gb-headline gb-headline-b66344b3 gb-headline-text\">El Retablo de Maese Pedro<\/h5>\n\n\n\n<ul class=\"wp-block-list\">\n<li>Menci\u00f3 d\u2019Honor(<strong>Gran Teatro de L\u2019Havana en Cuba 1999<\/strong>)<\/li>\n<\/ul>\n\n\n\n<h5 class=\"gb-headline gb-headline-9648e4a3 gb-headline-text\">El Jard\u00edn de las Delicias<\/h5>\n\n\n\n<ul class=\"wp-block-list\">\n<li>Premi de la cr\u00edtica a la Millor Realitzaci\u00f3 Pl\u00e0stica 1996<\/li>\n\n\n\n<li>Millor Banda Sonora&nbsp; 1996 (<strong>T.G.V<\/strong>.).<\/li>\n<\/ul>\n\n\n\n<h5 class=\"gb-headline gb-headline-20645296 gb-headline-text\">Ulises<\/h5>\n\n\n\n<ul class=\"wp-block-list\">\n<li>Mejor Espect\u00e1culo (<strong>&nbsp;Festival Int. d\u2019Humour Sallanches<\/strong> <strong>en Francia<\/strong>)<\/li>\n\n\n\n<li>Premi de la cr\u00edtica 1993 al Millor Espectacle Valenci\u00e0<\/li>\n<\/ul>\n\n\n\n<h5 class=\"gb-headline gb-headline-0be694b2 gb-headline-text\">Quijote<\/h5>\n\n\n\n<ul class=\"wp-block-list\">\n<li>Millor Espectacle (<strong>Festival de Titelles&nbsp; de Botosani en Rumania 1993<\/strong>)<\/li>\n\n\n\n<li>Millor Espectacle (<strong>Festival Int. de Marionetes de Torun en Polonia 1999<\/strong>)<\/li>\n\n\n\n<li>Menci\u00f3 d\u2019Honor (<strong>Gran Teatro de L\u2019Havana en Cuba 1999<\/strong>)<\/li>\n\n\n\n<li>Millor Aportaci\u00f3 Dramat\u00fargica (<strong>Mostra titelles a la Vall d\u2019Albaida 2005<\/strong>)<\/li>\n\n\n\n<li>Pemi Corral de Comedias 2007 (<strong>Festival de Almagro a la trajectoria art\u00edstica de la companyia<\/strong>)<\/li>\n\n\n\n<li>Premi AVETID d\u2019Or 2006, a la trayectoria art\u00edstica de la compa\u00f1\u00eda<\/li>\n<\/ul>\n\n<\/div>\n<\/div>","protected":false},"excerpt":{"rendered":"<p>\u00c8DIP REI CUCU Bambalina Teatre Practicable La Celestina Kiti Kraft Carmen La Mujer Irreal \u00a1Hola, Cenerentola! KRAFT El Cel Dins &#8230; <\/p>\n<p class=\"read-more-container\"><a title=\"Premis\" class=\"read-more button\" href=\"https:\/\/bambalina.es\/ca\/premios#more-8567\" aria-label=\"M\u00e9s informaci\u00f3 sobre Premis\">Read more<\/a><\/p>\n","protected":false},"author":5,"featured_media":0,"parent":0,"menu_order":0,"comment_status":"closed","ping_status":"closed","template":"","meta":{"_acf_changed":false,"footnotes":""},"class_list":{"0":"post-8567","1":"page","2":"type-page","3":"status-publish","5":"infinite-scroll-item"},"acf":[],"_links":{"self":[{"href":"https:\/\/bambalina.es\/ca\/wp-json\/wp\/v2\/pages\/8567","targetHints":{"allow":["GET"]}}],"collection":[{"href":"https:\/\/bambalina.es\/ca\/wp-json\/wp\/v2\/pages"}],"about":[{"href":"https:\/\/bambalina.es\/ca\/wp-json\/wp\/v2\/types\/page"}],"author":[{"embeddable":true,"href":"https:\/\/bambalina.es\/ca\/wp-json\/wp\/v2\/users\/5"}],"replies":[{"embeddable":true,"href":"https:\/\/bambalina.es\/ca\/wp-json\/wp\/v2\/comments?post=8567"}],"version-history":[{"count":3,"href":"https:\/\/bambalina.es\/ca\/wp-json\/wp\/v2\/pages\/8567\/revisions"}],"predecessor-version":[{"id":10324,"href":"https:\/\/bambalina.es\/ca\/wp-json\/wp\/v2\/pages\/8567\/revisions\/10324"}],"wp:attachment":[{"href":"https:\/\/bambalina.es\/ca\/wp-json\/wp\/v2\/media?parent=8567"}],"curies":[{"name":"wp","href":"https:\/\/api.w.org\/{rel}","templated":true}]}}