{"id":8587,"date":"2023-10-24T12:35:49","date_gmt":"2023-10-24T10:35:49","guid":{"rendered":"https:\/\/bambalina.es\/historia"},"modified":"2023-11-07T10:17:42","modified_gmt":"2023-11-07T09:17:42","slug":"historia","status":"publish","type":"page","link":"https:\/\/bambalina.es\/ca\/historia","title":{"rendered":"Hist\u00f2ria"},"content":{"rendered":"<div class=\"gb-container gb-container-cd68750b\">\n<div class=\"gb-container gb-container-3a493396\">\n\n<h2 class=\"gb-headline gb-headline-8a4f0353 gb-headline-text\">Bambalina Teatre Practicable<\/h2>\n\n\n<div class=\"gb-grid-wrapper gb-grid-wrapper-c5271f1a\">\n<div class=\"gb-grid-column gb-grid-column-763a9f62\"><div class=\"gb-container gb-container-763a9f62\">\n\n<p>Bambalina \u00e9s una companyia de titelles fundada en 1981 a Val\u00e8ncia. En la primera etapa, l&#8217;equip estable el conformen Vicent Vila, Jaume Policarpo i Josep Policarpo. Des dels seus inicis, el seu objectiu ha sigut explorar noves formes d&#8217;expressi\u00f3 en les t\u00e8cniques de manipulaci\u00f3 de titelles. Durant la seua primera d\u00e8cada, van alternar espectacles per a p\u00fablic infantil amb produccions dirigides a adults. Claroscuro (1982) va ser un dels primers exemples del seu inter\u00e9s en la legitimaci\u00f3 dels titelles per a un p\u00fablic m\u00e9s madur. Esta primera etapa culmina amb un enc\u00e0rrec del Centre Teatral Escalante,&nbsp; Pinotxo (1989), la seua producci\u00f3 m\u00e9s ambiciosa fins a eixe moment i que significa la seua definitiva professionalitzaci\u00f3.<\/p>\n\n\n\n<p>En la seg\u00fcent etapa, a partir de 1990, Bambalina s&#8217;estableix a Val\u00e8ncia i s&#8217;incorporen nous membres a l&#8217;equip. La companyia experimenta, amb la col\u00b7laboraci\u00f3 de directors valencians, i aprofundeix en la interdisciplinarietat, especialment en l&#8217;\u00fas de la m\u00fasica en les seues obres. La conviv\u00e8ncia entre manipuladors i titelles ja es converteix en una caracter\u00edstica distintiva dels seus espectacles. Este tret cristal\u00b7litza en Quixot (1991), un espectacle encara hui actiu que ha realitzat quasi 400 funcions en 40 pa\u00efsos.<\/p>\n\n\n\n<p>Des de l&#8217;any 2000, Bambalina inicia una projecci\u00f3 internacional gr\u00e0cies a convenis amb institucions i festivals. Centrant-se especialment en el teatre per a adults, on explora propostes que van des del teatre de text fins a la manipulaci\u00f3 d&#8217;objectes i materials. A trav\u00e9s de col\u00b7laboracions i treballs m\u00e9s experimentals, la companyia desenvolupa el seu propi estil art\u00edstic. Amb la col\u00b7aboraci\u00f3 de l&#8217;Institut Valenci\u00e0 de la M\u00fasica aprofundeixen en la creaci\u00f3 de peces musicals com a Hist\u00f2ria del soldat (2003), Carmen (2010), de P. Merim\u00e9e o Cenerentona (2008), de Rossini. Tamb\u00e9, en obres com Pasionaria (2001) o El somriure de Federico G. Lorca (2004), crida l&#8217;atenci\u00f3 este nou inter\u00e9s per personatges hist\u00f2rics enfront de la tend\u00e8ncia dominant en anteriors obres, inspirades en \u00e9ssers ficcionals procedents de la literatura. Estes \u00faltimes peces citades semblen decisives en el proc\u00e9s d&#8217;estilitzaci\u00f3 cap a la manipulaci\u00f3 d&#8217;objectes, caracter\u00edstic de la seg\u00fcent etapa, i que t\u00e9 el seu origen en Kraft (2007), que es converteix en un altre dels \u00e8xits de la companyia amb una important projecci\u00f3 internacional.<\/p>\n\n\n\n<p>En l&#8217;etapa actual, des de 2016 fins al present, Bambalina ha consolidat un nou equip de producci\u00f3 i gesti\u00f3. L&#8217;espectacle Kiti Kraft \u00e9s el referent d&#8217;esta nova etapa i va obtindre en 2018 el premi Max al millor espectacle infantil, juvenil i familiar.<\/p>\n\n\n\n<p>En la seua \u00faltima etapa continua amb l&#8217;adaptaci\u00f3 de cl\u00e0ssics universals com La Celestina (que va rebre 4 Premis de les Arts Esc\u00e8niques Valencianes: Millor direcci\u00f3 esc\u00e8nica, Millor adaptaci\u00f3 de text, Millor actriu, Millor espectacle de teatre). A l&#8217;agost de 2019 estrena Hamlet, el seu primer Shakespeare, en el Festival Sagunt a Escena. Jorge Valle, \u00fanic actor en escena \u00e9s nominat com a Millor actor en els Premis de les Arts Esc\u00e8niques Valencianes en 2020.<\/p>\n\n\n\n<p>\u00c8dip, versi\u00f3 de Jaume Policarpo, s&#8217;estrena al novembre de 2020 en el Teatre El Musical de Val\u00e8ncia i en 2023 estrena una versi\u00f3 ampliada que inaugura el Festival Sagunt a Escena. La seua \u00faltima adaptaci\u00f3 \u00e9s l&#8217;obra Curial i G\u00fcelfa, estrenada en 2023 i presentada en la&nbsp; Mostra de Teatre d\u2019Alcoi.<\/p>\n\n\n\n<p>A m\u00e9s, ha recuperat l&#8217;obra Quixot, amb motiu de la celebraci\u00f3 dels 40 anys de la fundaci\u00f3 de la companyia, i ha presentat un concert\/espectacle per a p\u00fablic familiar amb un enfocament musical destacat, La caixa de joguets (<em>La bo\u00eete \u00e0 joujoux<\/em>), de Claude Debussy.<\/p>\n\n\n\n<p>Amb una s\u00f2lida producci\u00f3 i un equip art\u00edstic consolidat, Bambalina mira cap al futur amb entusiasme i comprom\u00eds.<\/p>\n\n<\/div><\/div>\n\n<div class=\"gb-grid-column gb-grid-column-1cfa4d0c\"><div class=\"gb-container gb-container-1cfa4d0c\">\n\n<figure class=\"wp-block-gallery has-nested-images columns-2 is-cropped wp-block-gallery-1 is-layout-flex wp-block-gallery-is-layout-flex\">\n<figure class=\"wp-block-image size-large\"><a href=\"https:\/\/bambalina.es\/wp-content\/uploads\/foto-familia-Curial.webp\"><img loading=\"lazy\" decoding=\"async\" width=\"1280\" height=\"932\" data-id=\"8746\" src=\"https:\/\/bambalina.es\/wp-content\/uploads\/foto-familia-Curial-1280x932.webp\" alt=\"\" class=\"wp-image-8746\" srcset=\"https:\/\/bambalina.es\/wp-content\/uploads\/foto-familia-Curial-1280x932.webp 1280w, https:\/\/bambalina.es\/wp-content\/uploads\/foto-familia-Curial-600x437.webp 600w, https:\/\/bambalina.es\/wp-content\/uploads\/foto-familia-Curial-768x559.webp 768w, https:\/\/bambalina.es\/wp-content\/uploads\/foto-familia-Curial-1536x1118.webp 1536w, https:\/\/bambalina.es\/wp-content\/uploads\/foto-familia-Curial.webp 1600w\" sizes=\"auto, (max-width: 1280px) 100vw, 1280px\" \/><\/a><\/figure>\n\n\n\n<figure class=\"wp-block-image size-large\"><a href=\"https:\/\/bambalina.es\/wp-content\/uploads\/WEB-1.webp\"><img loading=\"lazy\" decoding=\"async\" width=\"800\" height=\"616\" data-id=\"8520\" src=\"https:\/\/bambalina.es\/wp-content\/uploads\/WEB-1.webp\" alt=\"\" class=\"wp-image-8520\" srcset=\"https:\/\/bambalina.es\/wp-content\/uploads\/WEB-1.webp 800w, https:\/\/bambalina.es\/wp-content\/uploads\/WEB-1-600x462.webp 600w, https:\/\/bambalina.es\/wp-content\/uploads\/WEB-1-768x591.webp 768w\" sizes=\"auto, (max-width: 800px) 100vw, 800px\" \/><\/a><\/figure>\n\n\n\n<figure class=\"wp-block-image size-large\"><a href=\"https:\/\/bambalina.es\/wp-content\/uploads\/WEB-3.webp\"><img loading=\"lazy\" decoding=\"async\" width=\"1280\" height=\"951\" data-id=\"8565\" src=\"https:\/\/bambalina.es\/wp-content\/uploads\/WEB-3.webp\" alt=\"\" class=\"wp-image-8565\" srcset=\"https:\/\/bambalina.es\/wp-content\/uploads\/WEB-3.webp 1280w, https:\/\/bambalina.es\/wp-content\/uploads\/WEB-3-600x446.webp 600w, https:\/\/bambalina.es\/wp-content\/uploads\/WEB-3-768x571.webp 768w\" sizes=\"auto, (max-width: 1280px) 100vw, 1280px\" \/><\/a><\/figure>\n\n\n\n<figure class=\"wp-block-image size-large\"><a href=\"https:\/\/bambalina.es\/wp-content\/uploads\/WEB-4.webp\"><img loading=\"lazy\" decoding=\"async\" width=\"960\" height=\"1280\" data-id=\"8562\" src=\"https:\/\/bambalina.es\/wp-content\/uploads\/WEB-4.webp\" alt=\"\" class=\"wp-image-8562\" srcset=\"https:\/\/bambalina.es\/wp-content\/uploads\/WEB-4.webp 960w, https:\/\/bambalina.es\/wp-content\/uploads\/WEB-4-450x600.webp 450w, https:\/\/bambalina.es\/wp-content\/uploads\/WEB-4-768x1024.webp 768w, https:\/\/bambalina.es\/wp-content\/uploads\/WEB-4-600x800.webp 600w\" sizes=\"auto, (max-width: 960px) 100vw, 960px\" \/><\/a><\/figure>\n\n\n\n<figure class=\"wp-block-image size-large\"><a href=\"https:\/\/bambalina.es\/wp-content\/uploads\/WEB-5-DEF.webp\"><img loading=\"lazy\" decoding=\"async\" width=\"1280\" height=\"853\" data-id=\"8559\" src=\"https:\/\/bambalina.es\/wp-content\/uploads\/WEB-5-DEF.webp\" alt=\"\" class=\"wp-image-8559\" srcset=\"https:\/\/bambalina.es\/wp-content\/uploads\/WEB-5-DEF.webp 1280w, https:\/\/bambalina.es\/wp-content\/uploads\/WEB-5-DEF-600x400.webp 600w, https:\/\/bambalina.es\/wp-content\/uploads\/WEB-5-DEF-768x512.webp 768w\" sizes=\"auto, (max-width: 1280px) 100vw, 1280px\" \/><\/a><\/figure>\n\n\n\n<figure class=\"wp-block-image size-large\"><a href=\"https:\/\/bambalina.es\/wp-content\/uploads\/WEB-5.webp\"><img loading=\"lazy\" decoding=\"async\" width=\"1280\" height=\"1280\" data-id=\"8556\" src=\"https:\/\/bambalina.es\/wp-content\/uploads\/WEB-5.webp\" alt=\"\" class=\"wp-image-8556\" srcset=\"https:\/\/bambalina.es\/wp-content\/uploads\/WEB-5.webp 1280w, https:\/\/bambalina.es\/wp-content\/uploads\/WEB-5-600x600.webp 600w, https:\/\/bambalina.es\/wp-content\/uploads\/WEB-5-300x300.webp 300w, https:\/\/bambalina.es\/wp-content\/uploads\/WEB-5-768x768.webp 768w, https:\/\/bambalina.es\/wp-content\/uploads\/WEB-5-100x100.webp 100w\" sizes=\"auto, (max-width: 1280px) 100vw, 1280px\" \/><\/a><\/figure>\n\n\n\n<figure class=\"wp-block-image size-large\"><a href=\"https:\/\/bambalina.es\/wp-content\/uploads\/WEB-6.webp\"><img loading=\"lazy\" decoding=\"async\" width=\"1280\" height=\"961\" data-id=\"8553\" src=\"https:\/\/bambalina.es\/wp-content\/uploads\/WEB-6.webp\" alt=\"\" class=\"wp-image-8553\" srcset=\"https:\/\/bambalina.es\/wp-content\/uploads\/WEB-6.webp 1280w, https:\/\/bambalina.es\/wp-content\/uploads\/WEB-6-600x450.webp 600w, https:\/\/bambalina.es\/wp-content\/uploads\/WEB-6-768x577.webp 768w\" sizes=\"auto, (max-width: 1280px) 100vw, 1280px\" \/><\/a><\/figure>\n\n\n\n<figure class=\"wp-block-image size-large\"><a href=\"https:\/\/bambalina.es\/wp-content\/uploads\/WEB-7.webp\"><img loading=\"lazy\" decoding=\"async\" width=\"1280\" height=\"960\" data-id=\"8550\" src=\"https:\/\/bambalina.es\/wp-content\/uploads\/WEB-7.webp\" alt=\"\" class=\"wp-image-8550\" srcset=\"https:\/\/bambalina.es\/wp-content\/uploads\/WEB-7.webp 1280w, https:\/\/bambalina.es\/wp-content\/uploads\/WEB-7-600x450.webp 600w, https:\/\/bambalina.es\/wp-content\/uploads\/WEB-7-768x576.webp 768w\" sizes=\"auto, (max-width: 1280px) 100vw, 1280px\" \/><\/a><\/figure>\n\n\n\n<figure class=\"wp-block-image size-large\"><a href=\"https:\/\/bambalina.es\/wp-content\/uploads\/WEB-8.webp\"><img loading=\"lazy\" decoding=\"async\" width=\"1280\" height=\"960\" data-id=\"8547\" src=\"https:\/\/bambalina.es\/wp-content\/uploads\/WEB-8.webp\" alt=\"\" class=\"wp-image-8547\" srcset=\"https:\/\/bambalina.es\/wp-content\/uploads\/WEB-8.webp 1280w, https:\/\/bambalina.es\/wp-content\/uploads\/WEB-8-600x450.webp 600w, https:\/\/bambalina.es\/wp-content\/uploads\/WEB-8-768x576.webp 768w\" sizes=\"auto, (max-width: 1280px) 100vw, 1280px\" \/><\/a><\/figure>\n\n\n\n<figure class=\"wp-block-image size-large\"><a href=\"https:\/\/bambalina.es\/wp-content\/uploads\/WEB-12.webp\"><img loading=\"lazy\" decoding=\"async\" width=\"1280\" height=\"960\" data-id=\"8535\" src=\"https:\/\/bambalina.es\/wp-content\/uploads\/WEB-12.webp\" alt=\"\" class=\"wp-image-8535\" srcset=\"https:\/\/bambalina.es\/wp-content\/uploads\/WEB-12.webp 1280w, https:\/\/bambalina.es\/wp-content\/uploads\/WEB-12-600x450.webp 600w, https:\/\/bambalina.es\/wp-content\/uploads\/WEB-12-768x576.webp 768w\" sizes=\"auto, (max-width: 1280px) 100vw, 1280px\" \/><\/a><\/figure>\n\n\n\n<figure class=\"wp-block-image size-large\"><a href=\"https:\/\/bambalina.es\/wp-content\/uploads\/WEB-10.webp\"><img loading=\"lazy\" decoding=\"async\" width=\"1280\" height=\"960\" data-id=\"8541\" src=\"https:\/\/bambalina.es\/wp-content\/uploads\/WEB-10.webp\" alt=\"\" class=\"wp-image-8541\" srcset=\"https:\/\/bambalina.es\/wp-content\/uploads\/WEB-10.webp 1280w, https:\/\/bambalina.es\/wp-content\/uploads\/WEB-10-600x450.webp 600w, https:\/\/bambalina.es\/wp-content\/uploads\/WEB-10-768x576.webp 768w\" sizes=\"auto, (max-width: 1280px) 100vw, 1280px\" \/><\/a><\/figure>\n\n\n\n<figure class=\"wp-block-image size-large\"><a href=\"https:\/\/bambalina.es\/wp-content\/uploads\/WEB-9.webp\"><img loading=\"lazy\" decoding=\"async\" width=\"1280\" height=\"960\" data-id=\"8544\" src=\"https:\/\/bambalina.es\/wp-content\/uploads\/WEB-9.webp\" alt=\"\" class=\"wp-image-8544\" srcset=\"https:\/\/bambalina.es\/wp-content\/uploads\/WEB-9.webp 1280w, https:\/\/bambalina.es\/wp-content\/uploads\/WEB-9-600x450.webp 600w, https:\/\/bambalina.es\/wp-content\/uploads\/WEB-9-768x576.webp 768w\" sizes=\"auto, (max-width: 1280px) 100vw, 1280px\" \/><\/a><\/figure>\n<\/figure>\n\n\n\n<a class=\"gb-button gb-button-c3d2b908 gb-button-text\" href=\"https:\/\/bambalina.es\/album-de-fotos\">Veure album de fotos complet<\/a>\n\n<\/div><\/div>\n<\/div>\n<\/div>\n<\/div>","protected":false},"excerpt":{"rendered":"<p>Bambalina Teatre Practicable<\/p>\n","protected":false},"author":5,"featured_media":0,"parent":0,"menu_order":0,"comment_status":"closed","ping_status":"closed","template":"","meta":{"_acf_changed":false,"footnotes":""},"class_list":{"0":"post-8587","1":"page","2":"type-page","3":"status-publish","5":"infinite-scroll-item"},"acf":[],"_links":{"self":[{"href":"https:\/\/bambalina.es\/ca\/wp-json\/wp\/v2\/pages\/8587","targetHints":{"allow":["GET"]}}],"collection":[{"href":"https:\/\/bambalina.es\/ca\/wp-json\/wp\/v2\/pages"}],"about":[{"href":"https:\/\/bambalina.es\/ca\/wp-json\/wp\/v2\/types\/page"}],"author":[{"embeddable":true,"href":"https:\/\/bambalina.es\/ca\/wp-json\/wp\/v2\/users\/5"}],"replies":[{"embeddable":true,"href":"https:\/\/bambalina.es\/ca\/wp-json\/wp\/v2\/comments?post=8587"}],"version-history":[{"count":3,"href":"https:\/\/bambalina.es\/ca\/wp-json\/wp\/v2\/pages\/8587\/revisions"}],"predecessor-version":[{"id":8750,"href":"https:\/\/bambalina.es\/ca\/wp-json\/wp\/v2\/pages\/8587\/revisions\/8750"}],"wp:attachment":[{"href":"https:\/\/bambalina.es\/ca\/wp-json\/wp\/v2\/media?parent=8587"}],"curies":[{"name":"wp","href":"https:\/\/api.w.org\/{rel}","templated":true}]}}