{"id":8592,"date":"2023-10-24T12:30:39","date_gmt":"2023-10-24T10:30:39","guid":{"rendered":"https:\/\/bambalina.es\/la-compania"},"modified":"2023-11-15T17:18:17","modified_gmt":"2023-11-15T16:18:17","slug":"la-compania","status":"publish","type":"page","link":"https:\/\/bambalina.es\/ca\/la-compania","title":{"rendered":"La Companyia"},"content":{"rendered":"<div class=\"gb-container gb-container-cd68750b\">\n<div class=\"gb-container gb-container-3a493396\">\n\n<h2 class=\"gb-headline gb-headline-8a4f0353 gb-headline-text\">Una cont\u00ednua recerca de la identitat del titella<\/h2>\n\n\n\n<p>La hist\u00f2ria de Bambalina va comen\u00e7ar amb la curiositat d&#8217;explorar diferents t\u00e8cniques i materials per a la creaci\u00f3 i manipulaci\u00f3 de titelles, per\u00f2 va ser la t\u00e8cnica japonesa <em>bunraku<\/em> la que s&#8217;ha convertit en un dels trets m\u00e9s recognoscible del seu teatre.<\/p>\n\n\n\n<p>En l&#8217;escenari, la conviv\u00e8ncia esc\u00e8nica de l&#8217;int\u00e8rpret i la marioneta, complica les seues identitats i provoca un conflicte essencialment teatral. En tot aix\u00f2, hi ha una intenci\u00f3 de recuperar el potencial cerimonial i, fins i tot, sagrat, per\u00f2 tamb\u00e9 d&#8217;aconseguir una manipulaci\u00f3 hiperrealista del titella, que aconsegueix que siga tan expressiu com un actor real.<\/p>\n\n\n\n<p>Un altre signe d&#8217;identitat de la companyia s\u00f3n les revisites a les avantguardes art\u00edstiques del segle XX, a Manuel de Falla, Garc\u00eda Lorca, Alfred Jarry o a m\u00fasics com Strawinsky o Erik Satie. D&#8217;esta tradici\u00f3 provenen les idees que qualsevol objecte pot convertir-se en un titella o que el mateix titella \u00e9s un vehicle ideal per a l&#8217;abstracci\u00f3. En esta exploraci\u00f3, Bambalina ha connectat amb disciplines com la m\u00fasica i la dansa, transformant objectes quotidians en universos vius i sorprenents, alliberats de la mera representaci\u00f3.<\/p>\n\n\n\n<figure class=\"gb-block-image gb-block-image-8660151c\"><img loading=\"lazy\" decoding=\"async\" width=\"512\" height=\"504\" class=\"gb-image gb-image-8660151c\" src=\"https:\/\/bambalina.es\/wp-content\/uploads\/cabeza-cucu.webp\" alt=\"\" title=\"cabeza-cucu\"\/><\/figure>\n\n\n\n<p>Este incessant proc\u00e9s de recerca ha transcendit tamb\u00e9 als espectacles infantils, que ofereixen interpretacions noves de referents cl\u00e0ssics com Saint Exup\u00e9ry, Michael Ende, Oscar Wilde o Lewis Carroll. Amb el seu mestratge, Bambalina no sols busca legitimar el titella en les arts esc\u00e8niques, sin\u00f3 tamb\u00e9 desdibuixar les convencions que segreguen al p\u00fablic segons la seua edat, presentant obres que entrellacen magistralment a totes les audi\u00e8ncies.<\/p>\n\n\n\n<p>En el seu afany per regenerar i dignificar esta modalitat art\u00edstica creen la Mostra de Titelles a la Vall d&#8217;Albaida (1985) i el Museu Internacional de Titelles d&#8217;Albaida (1997), dues iniciatives que han significat un revulsiu cultural per a la comarca i s&#8217;han convertit en un punt de refer\u00e8ncia internacional.<\/p>\n\n<\/div>\n<\/div>","protected":false},"excerpt":{"rendered":"<p>Una cont\u00ednua recerca de la identitat del titella La hist\u00f2ria de Bambalina va comen\u00e7ar amb la curiositat d&#8217;explorar diferents t\u00e8cniques &#8230; <\/p>\n<p class=\"read-more-container\"><a title=\"La Companyia\" class=\"read-more button\" href=\"https:\/\/bambalina.es\/ca\/la-compania#more-8592\" aria-label=\"M\u00e9s informaci\u00f3 sobre La Companyia\">Read more<\/a><\/p>\n","protected":false},"author":5,"featured_media":0,"parent":0,"menu_order":0,"comment_status":"closed","ping_status":"closed","template":"","meta":{"_acf_changed":false,"footnotes":""},"class_list":{"0":"post-8592","1":"page","2":"type-page","3":"status-publish","5":"infinite-scroll-item"},"acf":[],"_links":{"self":[{"href":"https:\/\/bambalina.es\/ca\/wp-json\/wp\/v2\/pages\/8592","targetHints":{"allow":["GET"]}}],"collection":[{"href":"https:\/\/bambalina.es\/ca\/wp-json\/wp\/v2\/pages"}],"about":[{"href":"https:\/\/bambalina.es\/ca\/wp-json\/wp\/v2\/types\/page"}],"author":[{"embeddable":true,"href":"https:\/\/bambalina.es\/ca\/wp-json\/wp\/v2\/users\/5"}],"replies":[{"embeddable":true,"href":"https:\/\/bambalina.es\/ca\/wp-json\/wp\/v2\/comments?post=8592"}],"version-history":[{"count":3,"href":"https:\/\/bambalina.es\/ca\/wp-json\/wp\/v2\/pages\/8592\/revisions"}],"predecessor-version":[{"id":8913,"href":"https:\/\/bambalina.es\/ca\/wp-json\/wp\/v2\/pages\/8592\/revisions\/8913"}],"wp:attachment":[{"href":"https:\/\/bambalina.es\/ca\/wp-json\/wp\/v2\/media?parent=8592"}],"curies":[{"name":"wp","href":"https:\/\/api.w.org\/{rel}","templated":true}]}}