{"id":10294,"date":"2025-07-08T10:17:54","date_gmt":"2025-07-08T08:17:54","guid":{"rendered":"https:\/\/bambalina.es\/?post_type=product&#038;p=10294"},"modified":"2025-07-08T13:12:23","modified_gmt":"2025-07-08T11:12:23","slug":"curial-i-guelfa-atribuit-a-enyego-davalos-adaptacio-teatral-de-jaume-policarpo","status":"publish","type":"product","link":"https:\/\/bambalina.es\/ca\/producto\/curial-i-guelfa-atribuit-a-enyego-davalos-adaptacio-teatral-de-jaume-policarpo","title":{"rendered":"Curial i G\u00fcelfa, atribu\u00eft a Enyego d&#8217;\u00c0valos. Adaptaci\u00f3 teatral de Jaume Policarpo"},"content":{"rendered":"<p><strong>Text<\/strong> Jaume Policarpo<\/p>\n<p><strong>Projecte did\u00e0ctic<\/strong> Maribel Bayona<\/p>\n<p><strong>Introducci\u00f3\u00a0<\/strong>Abel Soler<\/p>\n<p><strong>Fotografies<\/strong>Vicente A. Jim\u00e9nez i Arturo Garc\u00eda Sutter<\/p>\n<p><strong>Disseny i maquetaci\u00f3 <\/strong>Jaume Marco<\/p>\n<p><strong>Correci\u00f3<\/strong>\u00a0Toni Lluch<\/p>\n<p><strong>Edici\u00f3<\/strong> Bambalina Titelles SL<\/p>\n<p>\u00a9 dels textos: Jaume Policarpo<\/p>\n<p>\u00a9 de les fotografies: Vicente A. Jim\u00e9nez i Arturo Garc\u00eda Sutter<\/p>\n<p>\u00a9 de les il\u00b7lustracions: Jaume Marco<\/p>\n<p>\u00a9 de l&#8217;edici\u00f3: Bambalina Titelles SL<\/p>\n<p>&nbsp;<\/p>\n<p>Bambalina Teatre Practicable<\/p>\n<p>Carrer de Many\u00e0, 5, baix<\/p>\n<p>46009 Val\u00e8ncia<\/p>\n<p>www.bambalina.esPublicat per Bambalina Titelles SL<\/p>\n<p>Primera edici\u00f3: maig 2025<\/p>\n<p>Edici\u00f3: Bambalina Titelles S.L<\/p>\n<p>N\u00ba P\u00e0gines: 88<\/p>\n<p>ISBN: 978-84-09-71910-5<\/p>\n<p>Dip\u00f2sit legal: V-1743-2025<\/p>\n","protected":false},"excerpt":{"rendered":"<p><em>Curial i G\u00fcelfa<\/em> \u00e9s una obra d&#8217;amor i gestes cavalleresques. Presenta la dificultosa relaci\u00f3 entre dos enamorats de condicions contrastades: ella, una noble i rica senyora v\u00eddua, i ell, un jove humil i oci\u00f3s que busca a qui servir per a prosperar. En creuar-se s&#8217;enamoren, i G\u00fcelfa decideix afavorir-lo perqu\u00e8 millore i es convertisca en un honorable cavaller i fer aix\u00ed possible la seua uni\u00f3. Per\u00f2 Curial, en iniciar la seua aventura, comet molts errors envanit per l&#8217;admiraci\u00f3 que desperta a causa de la seua bellesa i la valentia que demostra en tots els combats que se li presenten. G\u00fcelfa, que el mant\u00e9 sota vigil\u00e0ncia tot el temps, queda decebuda per les seues deslleialtats, el menysprea, li retira el suport econ\u00f2mic i acaba rebutjant-lo dr\u00e0sticament sota la sent\u00e8ncia de no perdonar-lo fins que tota la cort de Fran\u00e7a li ho demane. Cau en desgr\u00e0cia i tota la seua vida es gira del rev\u00e9s fins que, de nou, gr\u00e0cies al fet que Curial aconsegueix recuperar la fortuna i el prestigi de cavaller, pot demostrar-li a G\u00fcelfa la for\u00e7a i perdurabilitat del seu amor per ella, ajudat, aix\u00f2 s\u00ed, pel rei, la reina i tota la cort francesa.<\/p>\n<p><strong>\u00a0<\/strong><\/p>\n","protected":false},"featured_media":10293,"template":"","meta":{"_acf_changed":false},"product_brand":[],"product_cat":[108],"product_tag":[],"class_list":{"0":"post-10294","1":"product","2":"type-product","3":"status-publish","4":"has-post-thumbnail","6":"product_cat-libros-papel","7":"infinite-scroll-item","8":"","9":"woocommerce-text-align-center","10":"woocommerce-image-align-center","11":"do-quantity-buttons","13":"first","14":"instock","15":"taxable","16":"shipping-taxable","17":"purchasable","18":"product-type-simple"},"acf":[],"_links":{"self":[{"href":"https:\/\/bambalina.es\/ca\/wp-json\/wp\/v2\/product\/10294","targetHints":{"allow":["GET"]}}],"collection":[{"href":"https:\/\/bambalina.es\/ca\/wp-json\/wp\/v2\/product"}],"about":[{"href":"https:\/\/bambalina.es\/ca\/wp-json\/wp\/v2\/types\/product"}],"wp:featuredmedia":[{"embeddable":true,"href":"https:\/\/bambalina.es\/ca\/wp-json\/wp\/v2\/media\/10293"}],"wp:attachment":[{"href":"https:\/\/bambalina.es\/ca\/wp-json\/wp\/v2\/media?parent=10294"}],"wp:term":[{"taxonomy":"product_brand","embeddable":true,"href":"https:\/\/bambalina.es\/ca\/wp-json\/wp\/v2\/product_brand?post=10294"},{"taxonomy":"product_cat","embeddable":true,"href":"https:\/\/bambalina.es\/ca\/wp-json\/wp\/v2\/product_cat?post=10294"},{"taxonomy":"product_tag","embeddable":true,"href":"https:\/\/bambalina.es\/ca\/wp-json\/wp\/v2\/product_tag?post=10294"}],"curies":[{"name":"wp","href":"https:\/\/api.w.org\/{rel}","templated":true}]}}