{"id":8893,"date":"2023-10-23T15:46:38","date_gmt":"2023-10-23T13:46:38","guid":{"rendered":"https:\/\/bambalina.es\/producto\/sin-texto-cuatro-piezas-dramaticas"},"modified":"2023-11-20T14:17:30","modified_gmt":"2023-11-20T13:17:30","slug":"sin-texto-cuatro-piezas-dramaticas","status":"publish","type":"product","link":"https:\/\/bambalina.es\/ca\/producto\/sin-texto-cuatro-piezas-dramaticas","title":{"rendered":"Sin texto, cuatro piezas dram\u00e1ticas"},"content":{"rendered":"<p><strong>Texto<\/strong><br \/>\nJaume Policarpo<\/p>\n<p><strong>Pr\u00f3logo<\/strong><br \/>\nGuillermo Heras<\/p>\n<p><strong>Dise\u00f1o gr\u00e1fico<\/strong><br \/>\nJaume Marco<\/p>\n<p><strong>Edici\u00f3n<\/strong><br \/>\nBambalina Titelles S.L<\/p>\n<p>Num. P\u00e1ginas: 159<br \/>\nImpreso en Valencia por Impresum<br \/>\nISBN: 978-84-09-29069-0<br \/>\nDep\u00f3sito legal: V-1133-2031<\/p>\n","protected":false},"excerpt":{"rendered":"<p>Este libro contiene la recopilaci\u00f3n de 4 textos dram\u00e1ticos <em>El jard\u00edn de las delicias, La sonrisa de Federico Garc\u00eda Lorca, Quijote <\/em>y <em>Pasionaria, <\/em>nacidos en el seno de la compa\u00f1\u00eda BAMBALINA TEATRE PRACTICABLE y que recoge la dramaturgia y el proceso de creaci\u00f3n en esa franja tan importante de la escena actual, marcada por la b\u00fasqueda y el mestizaje de lenguajes art\u00edsticos.<\/p>\n","protected":false},"featured_media":8090,"template":"","meta":{"_acf_changed":false},"product_brand":[],"product_cat":[135],"product_tag":[],"class_list":{"0":"post-8893","1":"product","2":"type-product","3":"status-publish","4":"has-post-thumbnail","6":"product_cat-llibres-en-paper","7":"infinite-scroll-item","8":"","9":"woocommerce-text-align-center","10":"woocommerce-image-align-center","11":"do-quantity-buttons","13":"first","14":"instock","15":"taxable","16":"shipping-taxable","17":"purchasable","18":"product-type-simple"},"acf":[],"_links":{"self":[{"href":"https:\/\/bambalina.es\/ca\/wp-json\/wp\/v2\/product\/8893","targetHints":{"allow":["GET"]}}],"collection":[{"href":"https:\/\/bambalina.es\/ca\/wp-json\/wp\/v2\/product"}],"about":[{"href":"https:\/\/bambalina.es\/ca\/wp-json\/wp\/v2\/types\/product"}],"wp:featuredmedia":[{"embeddable":true,"href":"https:\/\/bambalina.es\/ca\/wp-json\/wp\/v2\/media\/8090"}],"wp:attachment":[{"href":"https:\/\/bambalina.es\/ca\/wp-json\/wp\/v2\/media?parent=8893"}],"wp:term":[{"taxonomy":"product_brand","embeddable":true,"href":"https:\/\/bambalina.es\/ca\/wp-json\/wp\/v2\/product_brand?post=8893"},{"taxonomy":"product_cat","embeddable":true,"href":"https:\/\/bambalina.es\/ca\/wp-json\/wp\/v2\/product_cat?post=8893"},{"taxonomy":"product_tag","embeddable":true,"href":"https:\/\/bambalina.es\/ca\/wp-json\/wp\/v2\/product_tag?post=8893"}],"curies":[{"name":"wp","href":"https:\/\/api.w.org\/{rel}","templated":true}]}}