{"id":8897,"date":"2023-10-23T13:46:21","date_gmt":"2023-10-23T11:46:21","guid":{"rendered":"https:\/\/bambalina.es\/producto\/baida-la-xiqueta-sense-cap"},"modified":"2023-11-20T14:18:02","modified_gmt":"2023-11-20T13:18:02","slug":"baida-la-xiqueta-sense-cap","status":"publish","type":"product","link":"https:\/\/bambalina.es\/ca\/producto\/baida-la-xiqueta-sense-cap","title":{"rendered":"Baida. La xiqueta sense cap"},"content":{"rendered":"<p>Baida \u00e9s una xiqueta assenyada, generosa i valenta que va descobrint com enfrontar-se a una realitat canviant que li planteja reptes i exig\u00e8ncies que ha de comprendre i superar.<\/p>\n<p>Compta amb l&#8217;ajuda de son pare, clar, encara que arribar\u00e0 el moment en el qual ser\u00e0 ella qui proporcione a son pare la soluci\u00f3 inesperada a un problema realment dif\u00edcil.<\/p>\n","protected":false},"excerpt":{"rendered":"<p><strong>Autor<\/strong><br \/>\nJaume Policarpo<\/p>\n<p><strong>Il\u00b7lustracions i disseny gr\u00e0fic<\/strong><br \/>\nJaume marco<\/p>\n<p><strong>Correci\u00f3<\/strong><br \/>\nXavier Puchades<\/p>\n<p><strong>Edici\u00f3<\/strong><br \/>\nBambalina Titelles S.L<\/p>\n<p>Impr\u00e9s en Val\u00e8ncia por Impresum<br \/>\nISBN: 978-84-09-14608-6<br \/>\nDep\u00f2sit legal: V-2923-2019<br \/>\nN\u00ba p\u00e0gines. 56<\/p>\n","protected":false},"featured_media":7347,"template":"","meta":{"_acf_changed":false},"product_brand":[],"product_cat":[135],"product_tag":[],"class_list":{"0":"post-8897","1":"product","2":"type-product","3":"status-publish","4":"has-post-thumbnail","6":"product_cat-llibres-en-paper","7":"infinite-scroll-item","8":"","9":"woocommerce-text-align-center","10":"woocommerce-image-align-center","11":"do-quantity-buttons","13":"first","14":"instock","15":"taxable","16":"shipping-taxable","17":"purchasable","18":"product-type-simple"},"acf":[],"_links":{"self":[{"href":"https:\/\/bambalina.es\/ca\/wp-json\/wp\/v2\/product\/8897","targetHints":{"allow":["GET"]}}],"collection":[{"href":"https:\/\/bambalina.es\/ca\/wp-json\/wp\/v2\/product"}],"about":[{"href":"https:\/\/bambalina.es\/ca\/wp-json\/wp\/v2\/types\/product"}],"wp:featuredmedia":[{"embeddable":true,"href":"https:\/\/bambalina.es\/ca\/wp-json\/wp\/v2\/media\/7347"}],"wp:attachment":[{"href":"https:\/\/bambalina.es\/ca\/wp-json\/wp\/v2\/media?parent=8897"}],"wp:term":[{"taxonomy":"product_brand","embeddable":true,"href":"https:\/\/bambalina.es\/ca\/wp-json\/wp\/v2\/product_brand?post=8897"},{"taxonomy":"product_cat","embeddable":true,"href":"https:\/\/bambalina.es\/ca\/wp-json\/wp\/v2\/product_cat?post=8897"},{"taxonomy":"product_tag","embeddable":true,"href":"https:\/\/bambalina.es\/ca\/wp-json\/wp\/v2\/product_tag?post=8897"}],"curies":[{"name":"wp","href":"https:\/\/api.w.org\/{rel}","templated":true}]}}