{"id":8898,"date":"2023-10-23T14:47:21","date_gmt":"2023-10-23T12:47:21","guid":{"rendered":"https:\/\/bambalina.es\/producto\/la-celestina"},"modified":"2023-10-23T14:47:21","modified_gmt":"2023-10-23T12:47:21","slug":"la-celestina","status":"publish","type":"product","link":"https:\/\/bambalina.es\/ca\/producto\/la-celestina","title":{"rendered":"La Celestina, de Fernando de Rojas. Adaptaci\u00f3n para la escena de Jaume Policarpo (EPUB)"},"content":{"rendered":"<p><strong>Texto<\/strong><br \/>\nJaume Policarpo<\/p>\n<p><strong>Proyecto did\u00e1ctico<\/strong><br \/>\nRuth Atienza<\/p>\n<p><strong>Fotograf\u00edas<\/strong><br \/>\nVicente A. Jim\u00e9nez y Arturo Garc\u00eda Sutter<\/p>\n<p><strong>Dise\u00f1o y maquetaci\u00f3n<\/strong><br \/>\nJaume Marco<\/p>\n<p><strong>Edici\u00f3n<\/strong><br \/>\nBambalina Titelles S.L<\/p>\n<p>107 p\u00e1ginas<br \/>\nISBN: 978-8409-46306-0<br \/>\nDep\u00f3sito legal: V-3834-2022<\/p>\n","protected":false},"excerpt":{"rendered":"<p><strong>LIBRO DIGITAL (EPUB)<\/strong><\/p>\n<p>Por alguna raz\u00f3n que apenas tengo pensada propendo a interesarme por obras de dif\u00edcil representaci\u00f3n. Intuyo que algo deben tener que ver en esto los t\u00edteres que manejo.<\/p>\n<p>En ese primer momento en el que aguardas que alg\u00fan soplo te erice la piel para que adquiera valor de se\u00f1al, en los \u00faltimos a\u00f1os, retorno a lo que en otro tiempo me conmovi\u00f3 y descart\u00e9 abordar por inseguridad. En momento especialmente temerario debo encontrarme porque es necesaria una buena dosis de riesgo para aventurarse con <em>La Celestina <\/em>\u00a0de Fernando de Rojas; por su inmensidad literaria, por su relevancia hist\u00f3rica, por su complejidad y riqueza ling\u00fc\u00edstica y, especialmente, por el sublime trazo human\u00edstico con el que el autor dibuja a sus personajes. El mundo es de los osados.<\/p>\n<p>&nbsp;<\/p>\n<p>&nbsp;<\/p>\n","protected":false},"featured_media":8074,"template":"","meta":{"_acf_changed":false},"product_brand":[],"product_cat":[136],"product_tag":[],"class_list":{"0":"post-8898","1":"product","2":"type-product","3":"status-publish","4":"has-post-thumbnail","6":"product_cat-llibres-digitals","7":"infinite-scroll-item","8":"","9":"woocommerce-text-align-center","10":"woocommerce-image-align-center","11":"do-quantity-buttons","13":"first","14":"instock","15":"downloadable","16":"virtual","17":"taxable","18":"purchasable","19":"product-type-simple"},"acf":[],"_links":{"self":[{"href":"https:\/\/bambalina.es\/ca\/wp-json\/wp\/v2\/product\/8898","targetHints":{"allow":["GET"]}}],"collection":[{"href":"https:\/\/bambalina.es\/ca\/wp-json\/wp\/v2\/product"}],"about":[{"href":"https:\/\/bambalina.es\/ca\/wp-json\/wp\/v2\/types\/product"}],"wp:featuredmedia":[{"embeddable":true,"href":"https:\/\/bambalina.es\/ca\/wp-json\/wp\/v2\/media\/8074"}],"wp:attachment":[{"href":"https:\/\/bambalina.es\/ca\/wp-json\/wp\/v2\/media?parent=8898"}],"wp:term":[{"taxonomy":"product_brand","embeddable":true,"href":"https:\/\/bambalina.es\/ca\/wp-json\/wp\/v2\/product_brand?post=8898"},{"taxonomy":"product_cat","embeddable":true,"href":"https:\/\/bambalina.es\/ca\/wp-json\/wp\/v2\/product_cat?post=8898"},{"taxonomy":"product_tag","embeddable":true,"href":"https:\/\/bambalina.es\/ca\/wp-json\/wp\/v2\/product_tag?post=8898"}],"curies":[{"name":"wp","href":"https:\/\/api.w.org\/{rel}","templated":true}]}}