{"id":8901,"date":"2023-10-22T21:15:02","date_gmt":"2023-10-22T19:15:02","guid":{"rendered":"https:\/\/bambalina.es\/producto\/baida-la-nina-sin-cabeza"},"modified":"2023-11-20T14:18:10","modified_gmt":"2023-11-20T13:18:10","slug":"baida-la-nina-sin-cabeza","status":"publish","type":"product","link":"https:\/\/bambalina.es\/ca\/producto\/baida-la-nina-sin-cabeza","title":{"rendered":"Baida. La ni\u00f1a sin cabeza"},"content":{"rendered":"<p><strong>Autor<\/strong><br \/>\nJaume Policarpo<\/p>\n<p><strong>Ilustraciones y dise\u00f1o gr\u00e1fico<br \/>\n<\/strong>Jaume Marco<\/p>\n<p><strong>Correci\u00f3n<\/strong><br \/>\nXavier Puchades<\/p>\n<p><strong>Edici\u00f3n<\/strong><br \/>\nBambalina Titelles S.L<\/p>\n<p>Impreso en Valencia por Impresum<br \/>\nISBN: 978-84-09-14765-6<br \/>\nDep\u00f3sito legal: V-2924-2029<br \/>\nN\u00ba p\u00e1ginas. 56<\/p>\n","protected":false},"excerpt":{"rendered":"<p><strong>EDICI\u00d3N EN CASTELLANO<\/strong><\/p>\n<p>Baida es una ni\u00f1a sensata, generosa y valiente que va descubriendo como enfrentarse a una realidad cambiante que le plantea retos y exigencias que tienen que comprender y superar.<\/p>\n<p>Cuenta con la ayuda de su padre, claro, aunque llegar\u00e1 el momento en el que ser\u00e1 ella quien proporcione a su padre la soluci\u00f3n inesperada a un problema realmente dif\u00edcil.<\/p>\n","protected":false},"featured_media":7329,"template":"","meta":{"_acf_changed":false},"product_brand":[],"product_cat":[135],"product_tag":[],"class_list":{"0":"post-8901","1":"product","2":"type-product","3":"status-publish","4":"has-post-thumbnail","6":"product_cat-llibres-en-paper","7":"infinite-scroll-item","8":"","9":"woocommerce-text-align-center","10":"woocommerce-image-align-center","11":"do-quantity-buttons","13":"first","14":"instock","15":"taxable","16":"shipping-taxable","17":"purchasable","18":"product-type-simple"},"acf":[],"_links":{"self":[{"href":"https:\/\/bambalina.es\/ca\/wp-json\/wp\/v2\/product\/8901","targetHints":{"allow":["GET"]}}],"collection":[{"href":"https:\/\/bambalina.es\/ca\/wp-json\/wp\/v2\/product"}],"about":[{"href":"https:\/\/bambalina.es\/ca\/wp-json\/wp\/v2\/types\/product"}],"wp:featuredmedia":[{"embeddable":true,"href":"https:\/\/bambalina.es\/ca\/wp-json\/wp\/v2\/media\/7329"}],"wp:attachment":[{"href":"https:\/\/bambalina.es\/ca\/wp-json\/wp\/v2\/media?parent=8901"}],"wp:term":[{"taxonomy":"product_brand","embeddable":true,"href":"https:\/\/bambalina.es\/ca\/wp-json\/wp\/v2\/product_brand?post=8901"},{"taxonomy":"product_cat","embeddable":true,"href":"https:\/\/bambalina.es\/ca\/wp-json\/wp\/v2\/product_cat?post=8901"},{"taxonomy":"product_tag","embeddable":true,"href":"https:\/\/bambalina.es\/ca\/wp-json\/wp\/v2\/product_tag?post=8901"}],"curies":[{"name":"wp","href":"https:\/\/api.w.org\/{rel}","templated":true}]}}