{"id":8892,"date":"2023-10-23T15:56:21","date_gmt":"2023-10-23T13:56:21","guid":{"rendered":"https:\/\/bambalina.es\/producto\/edip-de-sofocles-adaptacio-de-jaume-policarpo"},"modified":"2023-11-20T14:17:06","modified_gmt":"2023-11-20T13:17:06","slug":"edip-de-sofocles-adaptacio-de-jaume-policarpo","status":"publish","type":"product","link":"https:\/\/bambalina.es\/en\/producto\/edip-de-sofocles-adaptacio-de-jaume-policarpo","title":{"rendered":"\u00c8dip, de S\u00f2focles. Adaptaci\u00f3 de Jaume Policarpo"},"content":{"rendered":"<p><strong>Autor<\/strong><br \/>\nS\u00f2focles<\/p>\n<p><strong>Adaptaci\u00f3<\/strong><br \/>\nJaume Policarpo<\/p>\n<p><strong>Disseny i maquetaci\u00f3<\/strong><br \/>\nJaume Marco<\/p>\n<p><strong>Introducci\u00f3 i projecte did\u00e0ctic<\/strong><br \/>\nMaribel Bayona<\/p>\n<p><strong>Fotografies<\/strong><br \/>\nVicente A. Jim\u00e9nez I Arturo Garc\u00eda Sutter<\/p>\n<p><strong>Correci\u00f3<\/strong><br \/>\nToni Lluch<\/p>\n<p>Edici\u00f3: Bambalina Titelles S.L<br \/>\nN\u00ba p\u00e0gines: 108<br \/>\nISBN: 978- 84-09-51220-1<br \/>\nDep\u00f2sit legal: V-1896-2023<\/p>\n","protected":false},"excerpt":{"rendered":"<p>\u00c8dip rei \u00e9s l\u2019obra principal de S\u00f2focles i un dels drames m\u00e9s importants de la hist\u00f2ria cultural occidental. L\u2019adaptaci\u00f3 que llegireu a continuaci\u00f3 intenta mantindre intacte eixe sentit m\u00edtic del text original, la tr\u00e0gica burla a qu\u00e8 els esdeveniments sotmeten l\u2019home, l\u2019amargura destil\u00b7lada sempre per la noblesa dels personatges, en definitiva, tot all\u00f2 m\u00e9s commovedor del relat original, acostant als nostres dies la seua for\u00e7a i potencia. Jaume Policarpo aconsegueix matisar una trama complexa i densa per convertir-la en una altra m\u00e9s fluida i lleugera, sense perdre la seua ess\u00e8ncia i profunditat.<\/p>\n","protected":false},"featured_media":8096,"template":"","meta":{"_acf_changed":false},"product_brand":[],"product_cat":[138],"product_tag":[],"class_list":{"0":"post-8892","1":"product","2":"type-product","3":"status-publish","4":"has-post-thumbnail","6":"product_cat-paper-books","7":"infinite-scroll-item","8":"","9":"woocommerce-text-align-center","10":"woocommerce-image-align-center","11":"do-quantity-buttons","13":"first","14":"instock","15":"taxable","16":"shipping-taxable","17":"purchasable","18":"product-type-simple"},"acf":[],"_links":{"self":[{"href":"https:\/\/bambalina.es\/en\/wp-json\/wp\/v2\/product\/8892","targetHints":{"allow":["GET"]}}],"collection":[{"href":"https:\/\/bambalina.es\/en\/wp-json\/wp\/v2\/product"}],"about":[{"href":"https:\/\/bambalina.es\/en\/wp-json\/wp\/v2\/types\/product"}],"wp:featuredmedia":[{"embeddable":true,"href":"https:\/\/bambalina.es\/en\/wp-json\/wp\/v2\/media\/8096"}],"wp:attachment":[{"href":"https:\/\/bambalina.es\/en\/wp-json\/wp\/v2\/media?parent=8892"}],"wp:term":[{"taxonomy":"product_brand","embeddable":true,"href":"https:\/\/bambalina.es\/en\/wp-json\/wp\/v2\/product_brand?post=8892"},{"taxonomy":"product_cat","embeddable":true,"href":"https:\/\/bambalina.es\/en\/wp-json\/wp\/v2\/product_cat?post=8892"},{"taxonomy":"product_tag","embeddable":true,"href":"https:\/\/bambalina.es\/en\/wp-json\/wp\/v2\/product_tag?post=8892"}],"curies":[{"name":"wp","href":"https:\/\/api.w.org\/{rel}","templated":true}]}}